{"id":6364,"date":"2020-07-22T09:30:24","date_gmt":"2020-07-22T07:30:24","guid":{"rendered":"https:\/\/neissepark.de\/?page_id=6364"},"modified":"2022-12-21T16:06:33","modified_gmt":"2022-12-21T15:06:33","slug":"teilnahmebedingungen","status":"publish","type":"page","link":"https:\/\/neissepark.de\/pl\/teilnahmebedingungen\/","title":{"rendered":"Warunki uczestnictwa"},"content":{"rendered":"<div data-elementor-type=\"wp-page\" data-elementor-id=\"6364\" class=\"elementor elementor-6364\" data-elementor-post-type=\"page\">\n\t\t\t\t\t\t<section class=\"elementor-section elementor-top-section elementor-element elementor-element-60b199e elementor-section-boxed elementor-section-height-default elementor-section-height-default\" data-id=\"60b199e\" data-element_type=\"section\">\n\t\t\t\t\t\t<div class=\"elementor-container elementor-column-gap-default\">\n\t\t\t\t\t<div class=\"elementor-column elementor-col-100 elementor-top-column elementor-element elementor-element-8c98fdc\" data-id=\"8c98fdc\" data-element_type=\"column\">\n\t\t\t<div class=\"elementor-widget-wrap elementor-element-populated\">\n\t\t\t\t\t\t<div class=\"elementor-element elementor-element-4e2d7df elementor-widget elementor-widget-text-editor\" data-id=\"4e2d7df\" data-element_type=\"widget\" data-widget_type=\"text-editor.default\">\n\t\t\t\t<div class=\"elementor-widget-container\">\n\t\t\t\t\t\t\t\t\t<h3>A. Zusammenfassung<\/h3>\n<p>Mit der Teilnahme am Gewinnspiel werden die hier ver\u00f6ffentlichten Teilnahmebedingungen in vollem Umfang akzeptiert.&nbsp;<\/p>\n<h3>B. Teilnahmebedingungen<\/h3>\n<p>1. Mitarbeiterinnen\/Mitarbeiter des Nei\u00dfe Parks, auch die der Shops sowie der SawatzkiM\u00fchlenbruch GmbH (im Folgenden: Veranstalter) und deren Verwandte sind von der Teilnahme ausgeschlossen.<\/p>\n<p>2. Teilnehmen darf, wer mindestens 18 Jahre alt ist.<\/p>\n<p>3. Der Rechtsweg ist ausgeschlossen.<\/p>\n<p>4. Die Teilnahme erfolgt \u00fcber die Teilnahme am Nei\u00dfe Park Tippspiel \u00fcber kicktipp.&nbsp;<\/p>\n<p>5. Das Gewinnspiel l\u00e4uft w\u00e4hrend der Fu\u00dfball WM 2022, die Gewinner werden nach dem Finale ermittelt.&nbsp;<\/p>\n<p>6. Teilnahmeschluss ist der 18. Dezember 2022<\/p>\n<h3>C. Gewinn<\/h3>\n<p>1. Es wir dein Gutschein f\u00fcr das Multi-M\u00f6bel K\u00fcchenstudio im Wert von 1.000 \u20ac verlost (Platz 1) Die Pl\u00e4tze 2-11 erhalten einen 50\u20ac Medimax Gutschein.&nbsp;<\/p>\n<p>2. Der Gewinner wird per Mail kontaktiert. Der Gewinner ist dazu verpflichtet, sich auf seine Benachrichtigung zur\u00fcckzumelden und seinen vollst\u00e4ndigen Namen mitzuteilen.<\/p>\n<p>3. Der Gewinn kann nach der Benachrichtigung im Center abgeholt werden.&nbsp;<\/p>\n<p>4. Der Versand per Post ist nicht m\u00f6glich.<\/p>\n<p>5. Beim Abholen des Gewinns muss der Gewinner ein amtliches Ausweisdokument vorlegen.<\/p>\n<p>6. Eine Auszahlung des Gewinns in Form von Bargeld ist nicht m\u00f6glich.<\/p>\n<h3>D. Haftung<\/h3>\n<p>1. Schadenersatzanspr\u00fcche gegen\u00fcber den Veranstaltern, die im Zusammenhang mit dem Gewinnspiel stehen, sind \u2013 innerhalb des gesetzlich Zul\u00e4ssigen \u2013 unabh\u00e4ngig vom Rechtsgrund ausgeschlossen, es sei denn, die Veranstalter h\u00e4tten vors\u00e4tzlich oder grob fahrl\u00e4ssig gesetzliche Pflichten verletzt.<\/p>\n<p>2. Ferner haften die Veranstalter nicht f\u00fcr Sch\u00e4den aus der Beeintr\u00e4chtigung der Verf\u00fcgbarkeit der Gewinnspiel-Internetseite bei nicht beeinflussbaren technischen St\u00f6rungen und Ereignissen h\u00f6herer Gewalt sowie Angriffen Dritter gegen die Gewinnspiel-Internetseite. Die Veranstalter werden jedoch alles unternehmen, um die Zuverl\u00e4ssigkeit und Funktionsf\u00e4higkeit der Gewinnspiel-Internetseite sicherzustellen. Weiterhin \u00fcbernehmen die Veranstalter keine Garantie daf\u00fcr, dass die Gewinnspiel-Internetseite auf dem jeweiligen Teilnehmerrechner ordnungsgem\u00e4\u00df funktionsf\u00e4hig ist.<\/p>\n<h3>E. Datenschutz<\/h3>\n<p>1. Die Veranstalter gew\u00e4hren im Rahmen des Gewinnspiels den gr\u00f6\u00dftm\u00f6glichen datenschutzrechtlichen Standard und beachten alle diesbez\u00fcglichen einschl\u00e4gigen gesetzlichen Bestimmungen.<\/p>\n<p>2. Die Veranstalter werden keine personenbezogenen Daten an Dritte weiterleiten oder Adressdaten verkaufen.<\/p>\n<p>3. Die Veranstalter speichern die personenbezogenen Daten der jeweiligen Teilnehmerinnen\/Teilnehmer bis zur Abholung des Gewinns. Die Teilnehmerin\/der Teilnehmer erkl\u00e4rt hiermit ausdr\u00fccklich ihr\/sein Einverst\u00e4ndnis mit der Speicherung und Verwendung der mitgeteilten personenbezogenen Daten.<\/p>\n<p>4. Mit dem Einsenden\/Hochladen von jeglichen Dateien im Rahmen des Gewinnspiels versichert der\/die Teilnehmer\/-in, dass er\/sie \u00fcber alle Rechte an den eingereichten Dateien und deren inhaltlichen Motiven verf\u00fcgt, die ihn\/sie dazu berechtigen, die Dateien zu ver\u00f6ffentlichen. Ferner versichert er\/sie, dass die hochgeladenen Dateien frei von Rechten Dritter sind und bei der Darstellung bzw. Abbildung von Personen keine Pers\u00f6nlichkeitsrechte, insbesondere solche im Sinne des \u00a7 22 KUG, verletzt werden. Falls in Dateien eine oder mehrere Personen erkennbar abgebildet sind, m\u00fcssen die Betreffenden damit einverstanden sein, dass die Datei ver\u00f6ffentlicht wird. Der Teilnehmer versichert, entsprechende Einverst\u00e4ndniserkl\u00e4rungen notfalls auch schriftlich beizubringen. Sollten dennoch Dritte Anspr\u00fcche wegen Verletzung ihrer Rechte geltend machen, so stellt der Teilnehmer den Veranstalter von allen Anspr\u00fcchen frei. Die Freistellung umfasst auch die Kosten einer etwaig notwendigen Rechtsverteidigung.<\/p>\n<h3>F. Ausschluss<\/h3>\n<p>Die Veranstalter behalten sich vor, Teilnehmer vom Gewinnspiel ohne Nennung besonderer Gr\u00fcnde auszuschlie\u00dfen. Ausgeschlossen wird, wer unwahre Angaben zu seiner Person macht. Die Veranstalter behalten sich vor, Teilnehmer des Gewinnspiels zu disqualifizieren, wenn gerechtfertigte Gr\u00fcnde, wie z. B. Manipulation, Versto\u00df gegen die Teilnahmebedingungen etc. bestehen. Ein Anspruch auf die Teilnahme oder den Gewinn besteht nicht.<\/p>\n<h3>G. \u00c4nderungen<\/h3>\n<p>Die Veranstalter behalten sich vor, den Modus des Gewinnspiels jederzeit und ohne Vorank\u00fcndigung zu ver\u00e4ndern, einzuschr\u00e4nken oder vollst\u00e4ndig einzustellen. Von dieser M\u00f6glichkeit machen die Veranstalter insbesondere dann Gebrauch, wenn aus technischen Gr\u00fcnden oder rechtlichen Gr\u00fcnden eine ordnungsgem\u00e4\u00dfe Durchf\u00fchrung des Spiels nicht gew\u00e4hrleistet werden kann. Sofern eine \u00c4nderung oder vorzeitige Beendigung durch das Verhalten eines Teilnehmers verursacht wurde, k\u00f6nnen die Veranstalter von diesem Schadenersatz verlangen. Das Gewinnspiel kann insbesondere wegen technischer St\u00f6rungen oder Wartungsarbeiten zeitweise nicht verf\u00fcgbar sein, ohne dass Teilnehmern hieraus Anspr\u00fcche gegen die Veranstalter erwachsen w\u00fcrden. Die Veranstalter behalten sich vor, die Teilnahme- und Durchf\u00fchrungsbedingungen jederzeit und ohne Vorank\u00fcndigung zu \u00e4ndern oder zu erweitern. Erg\u00e4nzungen und Nebenabreden hinsichtlich der Bedingungen f\u00fcr die Gewinnabwicklung bed\u00fcrfen zu ihrer Wirksamkeit der Schriftform.<\/p>\n<h3>H. Rechteeinr\u00e4umung zur Ver\u00f6ffentlichung der Namen der Gewinner<\/h3>\n<p>Mit der Teilnahme am Gewinnspiel akzeptieren die Teilnehmer die hier aufgef\u00fchrten Regelungen in vollem Umfang. Die Konditionen sind online f\u00fcr alle Teilnehmer kostenlos zug\u00e4nglich und k\u00f6nnen auf Anfrage auch per E-Mail zugesandt werden. Eine postalische Zusendung ist nicht m\u00f6glich. Der Gewinner willigt mit der Teilnahme in eine Namensnennung ein. So d\u00fcrfen die Namen der Gewinner auf der Plattform Facebook namentlich erw\u00e4hnt werden. Eine finanzielle Gegenleistung kann hierf\u00fcr nicht eingefordert werden.<\/p>\n<h3>I. Salvatorische Klausel<\/h3>\n<p>Sollten einzelne hier aufgef\u00fchrte Bestimmungen unwirksam sein oder unwirksam werden, bleibt davon die Wirksamkeit der Bestimmungen im \u00dcbrigen unber\u00fchrt. An die Stelle der unwirksamen Bestimmung soll diejenige wirksame und durchf\u00fchrbare Regelung treten, deren Wirkungen der Zielsetzung teleologisch am n\u00e4chsten kommen. Die vorstehenden Bestimmungen gelten entsprechend f\u00fcr den Fall, dass sich die Regelungen als l\u00fcckenhaft erweisen.<\/p>\t\t\t\t\t\t\t\t<\/div>\n\t\t\t\t<\/div>\n\t\t\t\t\t<\/div>\n\t\t<\/div>\n\t\t\t\t\t<\/div>\n\t\t<\/section>\n\t\t\t\t<\/div>","protected":false},"excerpt":{"rendered":"<p>A. Zusammenfassung Mit der Teilnahme am Gewinnspiel werden die hier ver\u00f6ffentlichten Teilnahmebedingungen in vollem Umfang akzeptiert.&nbsp; B. Teilnahmebedingungen 1. Mitarbeiterinnen\/Mitarbeiter des Nei\u00dfe Parks, auch die der Shops sowie der SawatzkiM\u00fchlenbruch GmbH (im Folgenden: Veranstalter) und deren Verwandte sind von der Teilnahme ausgeschlossen. 2. Teilnehmen darf, wer mindestens 18 Jahre alt ist. 3. Der Rechtsweg ist<a class=\"moretag\" href=\"https:\/\/neissepark.de\/pl\/teilnahmebedingungen\/\"> WI\u0118CEJ<\/a><\/p>","protected":false},"author":6,"featured_media":0,"parent":0,"menu_order":0,"comment_status":"closed","ping_status":"closed","template":"","meta":{"footnotes":""},"class_list":["post-6364","page","type-page","status-publish","hentry"],"_links":{"self":[{"href":"https:\/\/neissepark.de\/pl\/wp-json\/wp\/v2\/pages\/6364","targetHints":{"allow":["GET"]}}],"collection":[{"href":"https:\/\/neissepark.de\/pl\/wp-json\/wp\/v2\/pages"}],"about":[{"href":"https:\/\/neissepark.de\/pl\/wp-json\/wp\/v2\/types\/page"}],"author":[{"embeddable":true,"href":"https:\/\/neissepark.de\/pl\/wp-json\/wp\/v2\/users\/6"}],"replies":[{"embeddable":true,"href":"https:\/\/neissepark.de\/pl\/wp-json\/wp\/v2\/comments?post=6364"}],"version-history":[{"count":17,"href":"https:\/\/neissepark.de\/pl\/wp-json\/wp\/v2\/pages\/6364\/revisions"}],"predecessor-version":[{"id":12141,"href":"https:\/\/neissepark.de\/pl\/wp-json\/wp\/v2\/pages\/6364\/revisions\/12141"}],"wp:attachment":[{"href":"https:\/\/neissepark.de\/pl\/wp-json\/wp\/v2\/media?parent=6364"}],"curies":[{"name":"wp","href":"https:\/\/api.w.org\/{rel}","templated":true}]}}