{"id":676,"date":"2019-05-10T09:39:34","date_gmt":"2019-05-10T09:39:34","guid":{"rendered":"https:\/\/neissepark.de\/?page_id=676"},"modified":"2026-04-07T10:25:41","modified_gmt":"2026-04-07T08:25:41","slug":"anfahrt","status":"publish","type":"page","link":"https:\/\/neissepark.de\/pl\/anfahrt\/","title":{"rendered":"Podej\u015bcie"},"content":{"rendered":"<div data-elementor-type=\"wp-post\" data-elementor-id=\"676\" class=\"elementor elementor-676\" data-elementor-post-type=\"page\">\n\t\t\t\t\t\t<section class=\"elementor-section elementor-top-section elementor-element elementor-element-171c88b elementor-section-full_width elementor-section-height-default elementor-section-height-default\" data-id=\"171c88b\" data-element_type=\"section\">\n\t\t\t\t\t\t<div class=\"elementor-container elementor-column-gap-default\">\n\t\t\t\t\t<div class=\"elementor-column elementor-col-100 elementor-top-column elementor-element elementor-element-f25793d\" data-id=\"f25793d\" data-element_type=\"column\">\n\t\t\t<div class=\"elementor-widget-wrap elementor-element-populated\">\n\t\t\t\t\t\t<div class=\"elementor-element elementor-element-ad056e9 elementor-widget elementor-widget-heading\" data-id=\"ad056e9\" data-element_type=\"widget\" data-widget_type=\"heading.default\">\n\t\t\t\t<div class=\"elementor-widget-container\">\n\t\t\t\t\t<h1 class=\"elementor-heading-title elementor-size-default\">Podej\u015bcie<\/h1>\t\t\t\t<\/div>\n\t\t\t\t<\/div>\n\t\t\t\t\t<\/div>\n\t\t<\/div>\n\t\t\t\t\t<\/div>\n\t\t<\/section>\n\t\t\t\t<section class=\"elementor-section elementor-top-section elementor-element elementor-element-947a4ce elementor-section-full_width elementor-section-height-default elementor-section-height-default\" data-id=\"947a4ce\" data-element_type=\"section\">\n\t\t\t\t\t\t<div class=\"elementor-container elementor-column-gap-default\">\n\t\t\t\t\t<div class=\"elementor-column elementor-col-100 elementor-top-column elementor-element elementor-element-49bbcc2\" data-id=\"49bbcc2\" data-element_type=\"column\">\n\t\t\t<div class=\"elementor-widget-wrap elementor-element-populated\">\n\t\t\t\t\t\t<div class=\"elementor-element elementor-element-5a06a70 elementor-widget elementor-widget-google_maps\" data-id=\"5a06a70\" data-element_type=\"widget\" data-widget_type=\"google_maps.default\">\n\t\t\t\t<div class=\"elementor-widget-container\">\n\t\t\t\t\t\t\t<div class=\"elementor-custom-embed\">\n\t\t\t<iframe loading=\"lazy\"\n\t\t\t\t\tsrc=\"https:\/\/maps.google.com\/maps?q=Neissepark%2C%20G%C3%B6rlitz&#038;t=m&#038;z=12&#038;output=embed&#038;iwloc=near\"\n\t\t\t\t\ttitle=\"Neissepark, G\u00f6rlitz\"\n\t\t\t\t\taria-label=\"Neissepark, G\u00f6rlitz\"\n\t\t\t><\/iframe>\n\t\t<\/div>\n\t\t\t\t\t\t<\/div>\n\t\t\t\t<\/div>\n\t\t\t\t\t<\/div>\n\t\t<\/div>\n\t\t\t\t\t<\/div>\n\t\t<\/section>\n\t\t\t\t<section class=\"elementor-section elementor-top-section elementor-element elementor-element-f28b364 elementor-section-full_width elementor-section-height-default elementor-section-height-default\" data-id=\"f28b364\" data-element_type=\"section\">\n\t\t\t\t\t\t<div class=\"elementor-container elementor-column-gap-default\">\n\t\t\t\t\t<div class=\"elementor-column elementor-col-100 elementor-top-column elementor-element elementor-element-8e16bc8\" data-id=\"8e16bc8\" data-element_type=\"column\">\n\t\t\t<div class=\"elementor-widget-wrap elementor-element-populated\">\n\t\t\t\t\t\t<section class=\"elementor-section elementor-inner-section elementor-element elementor-element-d2d67a8 elementor-section-boxed elementor-section-height-default elementor-section-height-default\" data-id=\"d2d67a8\" data-element_type=\"section\">\n\t\t\t\t\t\t<div class=\"elementor-container elementor-column-gap-default\">\n\t\t\t\t\t<div class=\"elementor-column elementor-col-100 elementor-inner-column elementor-element elementor-element-56034bc\" data-id=\"56034bc\" data-element_type=\"column\">\n\t\t\t<div class=\"elementor-widget-wrap elementor-element-populated\">\n\t\t\t\t\t\t<div class=\"elementor-element elementor-element-632eca3 elementor-widget elementor-widget-heading\" data-id=\"632eca3\" data-element_type=\"widget\" data-widget_type=\"heading.default\">\n\t\t\t\t<div class=\"elementor-widget-container\">\n\t\t\t\t\t<h5 class=\"elementor-heading-title elementor-size-default\">\u00d6ffentliche Verkehrsmittel<\/h5>\t\t\t\t<\/div>\n\t\t\t\t<\/div>\n\t\t\t\t<div data-dce-text-color=\"#0a3c6e\" class=\"elementor-element elementor-element-cdb69b0 kachel_home elementor-widget elementor-widget-text-editor\" data-id=\"cdb69b0\" data-element_type=\"widget\" data-widget_type=\"text-editor.default\">\n\t\t\t\t<div class=\"elementor-widget-container\">\n\t\t\t\t\t\t\t\t\t<p>Den Nei\u00dfePark erreichen Sie bequem mit der Stra\u00dfenbahnlinie 1, wenn Sie an der Haltestelle \u201eNei\u00dfePark\u201c aussteigen.<\/p><p>Von 6:00 Uhr bis 20:30 Uhr f\u00e4hrt alle 20 Minuten eine Stra\u00dfenbahn, anschlie\u00dfend noch jede Stunde bis vor Mitternacht.<\/p><p>Mit der Buslinie 138 erreichen Sie uns an der Haltestelle &#8222;Nei\u00dfePark West&#8220;.<\/p><p>Mit der Buslinie C erreichen Sie den Nei\u00dfe Park ebenfalls auch barrierefrei (ab Mai 2026).<\/p><p>Die genauen Zeiten finden Sie auf: <a href=\"https:\/\/www.goerlitztakt.de\">www.goerlitztakt.de<\/a>\u00a0und www.vvo-online.de<\/p>\t\t\t\t\t\t\t\t<\/div>\n\t\t\t\t<\/div>\n\t\t\t\t\t<\/div>\n\t\t<\/div>\n\t\t\t\t\t<\/div>\n\t\t<\/section>\n\t\t\t\t<section class=\"elementor-section elementor-inner-section elementor-element elementor-element-0129bc2 elementor-section-boxed elementor-section-height-default elementor-section-height-default\" data-id=\"0129bc2\" data-element_type=\"section\">\n\t\t\t\t\t\t<div class=\"elementor-container elementor-column-gap-default\">\n\t\t\t\t\t<div class=\"elementor-column elementor-col-100 elementor-inner-column elementor-element elementor-element-5271732\" data-id=\"5271732\" data-element_type=\"column\">\n\t\t\t<div class=\"elementor-widget-wrap elementor-element-populated\">\n\t\t\t\t\t\t<div class=\"elementor-element elementor-element-4df9763 elementor-widget elementor-widget-heading\" data-id=\"4df9763\" data-element_type=\"widget\" data-widget_type=\"heading.default\">\n\t\t\t\t<div class=\"elementor-widget-container\">\n\t\t\t\t\t<h5 class=\"elementor-heading-title elementor-size-default\">Mit dem Auto<\/h5>\t\t\t\t<\/div>\n\t\t\t\t<\/div>\n\t\t\t\t<div data-dce-text-color=\"#0a3c6e\" class=\"elementor-element elementor-element-b470695 kachel_home elementor-widget elementor-widget-text-editor\" data-id=\"b470695\" data-element_type=\"widget\" data-widget_type=\"text-editor.default\">\n\t\t\t\t<div class=\"elementor-widget-container\">\n\t\t\t\t\t\t\t\t\t<p>Vom Zentrum G\u00f6rlitz:<br \/>Folgen Sie der B99 in n\u00f6rdlicher Richtung, vorbei am St\u00e4dtischen Klinikum G\u00f6rlitz und dem Kidronpark. Nach etwa 100 Metern sehen Sie den Nei\u00dfePark auf der rechten Seite.<\/p><p>Von der B115 aus Richtung L\u00f6bau oder Niesky: <br \/>Sie nehmen die Abfahrt G\u00f6rlitz Zentrum und finden den Nei\u00dfePark nach etwa 100 Metern, links an der n\u00e4chsten Ampel abbiegend.<\/p><p>Kostenfreie Parkpl\u00e4tze stehen ausreichend f\u00fcr Sie zur Verf\u00fcgung.<\/p>\t\t\t\t\t\t\t\t<\/div>\n\t\t\t\t<\/div>\n\t\t\t\t\t<\/div>\n\t\t<\/div>\n\t\t\t\t\t<\/div>\n\t\t<\/section>\n\t\t\t\t<section class=\"elementor-section elementor-inner-section elementor-element elementor-element-8257c13 elementor-section-boxed elementor-section-height-default elementor-section-height-default\" data-id=\"8257c13\" data-element_type=\"section\">\n\t\t\t\t\t\t<div class=\"elementor-container elementor-column-gap-default\">\n\t\t\t\t\t<div class=\"elementor-column elementor-col-100 elementor-inner-column elementor-element elementor-element-1a86d72\" data-id=\"1a86d72\" data-element_type=\"column\">\n\t\t\t<div class=\"elementor-widget-wrap elementor-element-populated\">\n\t\t\t\t\t\t<div class=\"elementor-element elementor-element-ded8128 elementor-widget elementor-widget-heading\" data-id=\"ded8128\" data-element_type=\"widget\" data-widget_type=\"heading.default\">\n\t\t\t\t<div class=\"elementor-widget-container\">\n\t\t\t\t\t<h5 class=\"elementor-heading-title elementor-size-default\">Mit dem Fahrrad oder E-Bike<\/h5>\t\t\t\t<\/div>\n\t\t\t\t<\/div>\n\t\t\t\t<div data-dce-text-color=\"#0a3c6e\" class=\"elementor-element elementor-element-380a19f kachel_home elementor-widget elementor-widget-text-editor\" data-id=\"380a19f\" data-element_type=\"widget\" data-widget_type=\"text-editor.default\">\n\t\t\t\t<div class=\"elementor-widget-container\">\n\t\t\t\t\t\t\t\t\t<p>Wer mit dem Fahrrad zum Nei\u00dfePark kommt, der findet problemlos eine Abstellm\u00f6glichkeit. Es stehen Fahrradstellpl\u00e4tze und E-Ladestationen direkt am Nei\u00dfePark bereit.<\/p>\t\t\t\t\t\t\t\t<\/div>\n\t\t\t\t<\/div>\n\t\t\t\t\t<\/div>\n\t\t<\/div>\n\t\t\t\t\t<\/div>\n\t\t<\/section>\n\t\t\t\t\t<\/div>\n\t\t<\/div>\n\t\t\t\t\t<\/div>\n\t\t<\/section>\n\t\t\t\t<\/div>","protected":false},"excerpt":{"rendered":"<p>Anfahrt \u00d6ffentliche Verkehrsmittel Den Nei\u00dfePark erreichen Sie bequem mit der Stra\u00dfenbahnlinie 1, wenn Sie an der Haltestelle \u201eNei\u00dfePark\u201c aussteigen. Von 6:00 Uhr bis 20:30 Uhr f\u00e4hrt alle 20 Minuten eine Stra\u00dfenbahn, anschlie\u00dfend noch jede Stunde bis vor Mitternacht. Mit der Buslinie 138 erreichen Sie uns an der Haltestelle &#8222;Nei\u00dfePark West&#8220;. Mit der Buslinie C erreichen<a class=\"moretag\" href=\"https:\/\/neissepark.de\/pl\/anfahrt\/\"> WI\u0118CEJ<\/a><\/p>","protected":false},"author":1,"featured_media":0,"parent":0,"menu_order":0,"comment_status":"closed","ping_status":"closed","template":"","meta":{"footnotes":""},"class_list":["post-676","page","type-page","status-publish","hentry"],"_links":{"self":[{"href":"https:\/\/neissepark.de\/pl\/wp-json\/wp\/v2\/pages\/676","targetHints":{"allow":["GET"]}}],"collection":[{"href":"https:\/\/neissepark.de\/pl\/wp-json\/wp\/v2\/pages"}],"about":[{"href":"https:\/\/neissepark.de\/pl\/wp-json\/wp\/v2\/types\/page"}],"author":[{"embeddable":true,"href":"https:\/\/neissepark.de\/pl\/wp-json\/wp\/v2\/users\/1"}],"replies":[{"embeddable":true,"href":"https:\/\/neissepark.de\/pl\/wp-json\/wp\/v2\/comments?post=676"}],"version-history":[{"count":11,"href":"https:\/\/neissepark.de\/pl\/wp-json\/wp\/v2\/pages\/676\/revisions"}],"predecessor-version":[{"id":37829,"href":"https:\/\/neissepark.de\/pl\/wp-json\/wp\/v2\/pages\/676\/revisions\/37829"}],"wp:attachment":[{"href":"https:\/\/neissepark.de\/pl\/wp-json\/wp\/v2\/media?parent=676"}],"curies":[{"name":"wp","href":"https:\/\/api.w.org\/{rel}","templated":true}]}}